{"id":912,"date":"2023-08-29T13:35:55","date_gmt":"2023-08-29T11:35:55","guid":{"rendered":"https:\/\/mireiamuixi.com\/?page_id=912"},"modified":"2025-04-11T15:46:33","modified_gmt":"2025-04-11T13:46:33","slug":"privacy-policy","status":"publish","type":"page","link":"https:\/\/mireiamuixi.com\/en\/privacy-policy\/","title":{"rendered":"Privacy Policy"},"content":{"rendered":"\t\t<div data-elementor-type=\"wp-page\" data-elementor-id=\"912\" class=\"elementor elementor-912 elementor-842\">\n\t\t\t\t<div class=\"elementor-element elementor-element-3e70a36 e-flex e-con-boxed e-con e-parent\" data-id=\"3e70a36\" data-element_type=\"container\">\n\t\t\t\t\t<div class=\"e-con-inner\">\n\t\t\t\t<div class=\"elementor-element elementor-element-b7fcef4 elementor-widget elementor-widget-heading\" data-id=\"b7fcef4\" data-element_type=\"widget\" data-widget_type=\"heading.default\">\n\t\t\t\t<div class=\"elementor-widget-container\">\n\t\t\t\t\t<h1 class=\"elementor-heading-title elementor-size-default\">Privacy Policy<\/h1>\t\t\t\t<\/div>\n\t\t\t\t<\/div>\n\t\t\t\t<div class=\"elementor-element elementor-element-5533345 text-legal elementor-widget elementor-widget-text-editor\" data-id=\"5533345\" data-element_type=\"widget\" data-widget_type=\"text-editor.default\">\n\t\t\t\t<div class=\"elementor-widget-container\">\n\t\t\t\t\t\t\t\t\t<p>Respecting what is established by current legislation, <strong>Mir\u00e8ia Muix\u00ed<\/strong> undertakes to adopt the necessary technical and organizational measures, according to the appropriate security level for the risk of the collected data.<\/p><h3>Laws incorporated in this privacy policy<\/h3><p>This privacy policy is adapted to the current Spanish and European regulations regarding the protection of personal data on the internet. Specifically, it complies with the following rules:<\/p><ul><li>Regulation (EU) 2016\/679 of the European Parliament and of the Council of April 27, 2016, regarding the protection of natural persons with regard to the processing of personal data and the free movement of such data (GDPR).<\/li><li>Organic Law 15\/1999, of December 13, on the Protection of Personal Data (LOPD).<\/li><li>Royal Decree 1720\/2007, of December 21, approving the Regulations for the development of Organic Law 15\/1999, of December 13, on the Protection of Personal Data (RDLOPD).<\/li><li>Law 34\/2002, of July 11, on Information Society Services and Electronic Commerce (LSSI-CE).<\/li><\/ul><p>This website may contain links to third-party websites. If this is the case, we will not be responsible for the data protection practices or the content of such websites under any circumstances.<\/p><h3>Identity of the data controller<\/h3><p><strong>The data controller<\/strong> for the personal data collected on <strong>www.mireiamuixi.com<\/strong> is: Mir\u00e8ia Muix\u00ed with NIF: 46150395K (hereinafter referred to as the Data Controller).<\/p><p>Contact details are as follows:<\/p><ul><li>Address: Avda. A\u00f1orga 4, 4B 20018 Donostia San Sebastian<\/li><li>Contact phone:\u00a0(+34) 629 969 230<\/li><li>Contact email: mireia@mireiamuixi.com<\/li><\/ul><h3>Submission of Personal Data Registration<\/h3><p>It is not mandatory to provide your data in order to navigate this website at any time. The submission of personal data is only mandatory in order to contact <strong>Mir\u00e8ia Muix\u00ed<\/strong>. Furthermore, not accepting the privacy policy will result in the impossibility of making such contact.<\/p><p>If the user provides their data, these may be included in a file for which <strong>Mir\u00e8ia Muix\u00ed<\/strong> will be responsible for its management and processing. <strong>Mir\u00e8ia Muix\u00ed<\/strong> guarantees the security of your data. These data will be used solely and exclusively for the purpose for which they have been provided and will never be commercialized.<\/p><p>At all times, users who wish to rectify, cancel, or delete their data can contact us through the email address <strong>mireia@mireiamuixi.com<\/strong>.<\/p><h3>Principles applicable to the processing of personal data<\/h3><p>The processing of the User&#8217;s personal data will be subject to the following principles as outlined in Article 5 of the GDPR:<\/p><ul><li>Principle of lawfulness, fairness, and transparency: The User&#8217;s consent will be required at all times, preceded by completely transparent information about the purposes for which the personal data is being collected.<\/li><li>Principle of purpose limitation: Personal data will be collected for specific, explicit, and legitimate purposes.<\/li><li>Principle of data minimization: The collected personal data will be strictly necessary for the purposes for which they are processed.<\/li><li>Principle of accuracy: Personal data must be accurate and up-to-date at all times.<\/li><li>Principle of storage limitation: Personal data will only be kept in a form that allows the identification of the User for the time necessary for the purposes of its processing.<\/li><li>Principle of integrity and confidentiality: Personal data will be processed in a way that guarantees its security and confidentiality.<\/li><li>Principle of proactive responsibility: The Data Controller will be responsible for ensuring that the above principles are complied with.<\/li><\/ul><h3>How personal data will be used<\/h3><ul><li>To promote the services of <strong>Mir\u00e8ia Muix\u00ed<\/strong> in case they are requested.<\/li><li>To contact you in case you are interested in our offers and have previously provided us with your data.<\/li><\/ul><p>Under no circumstances will we transfer your data to third parties without informing you beforehand and obtaining your consent.<\/p><h3>Cookies<\/h3><p>Browsing this website may involve the use of cookies. You can consult the <strong><a href=\"https:\/\/mireiamuixi.com\/en\/cookies-policy-ue\/\" target=\"_blank\" rel=\"noopener\">cookie policy<\/a><\/strong>.<\/p><p>If you have any questions about the processing of your data and your privacy, please write to us at <a href=\"mailto:mireia@mireiamuixi.com\"><strong>mireia@mireiamuixi.com<\/strong><\/a>.<\/p>\t\t\t\t\t\t\t\t<\/div>\n\t\t\t\t<\/div>\n\t\t\t\t\t<\/div>\n\t\t\t\t<\/div>\n\t\t\t\t<\/div>\n\t\t","protected":false},"excerpt":{"rendered":"<p>Privacy Policy Respecting what is established by current legislation, Mir\u00e8ia Muix\u00ed undertakes to adopt the necessary technical and organizational measures, according to the appropriate security level for the risk of the collected data. Laws incorporated in this privacy policy This privacy policy is adapted to the current Spanish and European regulations regarding the protection of [&hellip;]<\/p>\n","protected":false},"author":1,"featured_media":0,"parent":0,"menu_order":0,"comment_status":"closed","ping_status":"closed","template":"","meta":{"ocean_post_layout":"","ocean_both_sidebars_style":"","ocean_both_sidebars_content_width":0,"ocean_both_sidebars_sidebars_width":0,"ocean_sidebar":"0","ocean_second_sidebar":"0","ocean_disable_margins":"enable","ocean_add_body_class":"","ocean_shortcode_before_top_bar":"","ocean_shortcode_after_top_bar":"","ocean_shortcode_before_header":"","ocean_shortcode_after_header":"","ocean_has_shortcode":"","ocean_shortcode_after_title":"","ocean_shortcode_before_footer_widgets":"","ocean_shortcode_after_footer_widgets":"","ocean_shortcode_before_footer_bottom":"","ocean_shortcode_after_footer_bottom":"","ocean_display_top_bar":"default","ocean_display_header":"default","ocean_header_style":"","ocean_center_header_left_menu":"0","ocean_custom_header_template":"0","ocean_custom_logo":0,"ocean_custom_retina_logo":0,"ocean_custom_logo_max_width":0,"ocean_custom_logo_tablet_max_width":0,"ocean_custom_logo_mobile_max_width":0,"ocean_custom_logo_max_height":0,"ocean_custom_logo_tablet_max_height":0,"ocean_custom_logo_mobile_max_height":0,"ocean_header_custom_menu":"0","ocean_menu_typo_font_family":"0","ocean_menu_typo_font_subset":"","ocean_menu_typo_font_size":0,"ocean_menu_typo_font_size_tablet":0,"ocean_menu_typo_font_size_mobile":0,"ocean_menu_typo_font_size_unit":"px","ocean_menu_typo_font_weight":"","ocean_menu_typo_font_weight_tablet":"","ocean_menu_typo_font_weight_mobile":"","ocean_menu_typo_transform":"","ocean_menu_typo_transform_tablet":"","ocean_menu_typo_transform_mobile":"","ocean_menu_typo_line_height":0,"ocean_menu_typo_line_height_tablet":0,"ocean_menu_typo_line_height_mobile":0,"ocean_menu_typo_line_height_unit":"","ocean_menu_typo_spacing":0,"ocean_menu_typo_spacing_tablet":0,"ocean_menu_typo_spacing_mobile":0,"ocean_menu_typo_spacing_unit":"","ocean_menu_link_color":"","ocean_menu_link_color_hover":"","ocean_menu_link_color_active":"","ocean_menu_link_background":"","ocean_menu_link_hover_background":"","ocean_menu_link_active_background":"","ocean_menu_social_links_bg":"","ocean_menu_social_hover_links_bg":"","ocean_menu_social_links_color":"","ocean_menu_social_hover_links_color":"","ocean_disable_title":"default","ocean_disable_heading":"default","ocean_post_title":"","ocean_post_subheading":"","ocean_post_title_style":"","ocean_post_title_background_color":"","ocean_post_title_background":0,"ocean_post_title_bg_image_position":"","ocean_post_title_bg_image_attachment":"","ocean_post_title_bg_image_repeat":"","ocean_post_title_bg_image_size":"","ocean_post_title_height":0,"ocean_post_title_bg_overlay":0.5,"ocean_post_title_bg_overlay_color":"","ocean_disable_breadcrumbs":"default","ocean_breadcrumbs_color":"","ocean_breadcrumbs_separator_color":"","ocean_breadcrumbs_links_color":"","ocean_breadcrumbs_links_hover_color":"","ocean_display_footer_widgets":"default","ocean_display_footer_bottom":"default","ocean_custom_footer_template":"0","footnotes":""},"class_list":["post-912","page","type-page","status-publish","hentry","entry"],"yoast_head":"<!-- This site is optimized with the Yoast SEO plugin v24.8.1 - https:\/\/yoast.com\/wordpress\/plugins\/seo\/ -->\n<title>Privacy Policy - Mir\u00e8ia Muix\u00ed<\/title>\n<meta name=\"robots\" content=\"noindex, nofollow\" \/>\n<meta property=\"og:locale\" content=\"en_US\" \/>\n<meta property=\"og:type\" content=\"article\" \/>\n<meta property=\"og:title\" content=\"Privacy Policy - Mir\u00e8ia Muix\u00ed\" \/>\n<meta property=\"og:description\" content=\"Privacy Policy Respecting what is established by current legislation, Mir\u00e8ia Muix\u00ed undertakes to adopt the necessary technical and organizational measures, according to the appropriate security level for the risk of the collected data. Laws incorporated in this privacy policy This privacy policy is adapted to the current Spanish and European regulations regarding the protection of [&hellip;]\" \/>\n<meta property=\"og:url\" content=\"https:\/\/mireiamuixi.com\/politica-de-privacidad\/\" \/>\n<meta property=\"og:site_name\" content=\"Mir\u00e8ia Muix\u00ed\" \/>\n<meta property=\"article:modified_time\" content=\"2025-04-11T13:46:33+00:00\" \/>\n<meta property=\"og:image\" content=\"https:\/\/mireiamuixi.com\/wp-content\/uploads\/2023\/08\/image00074-copia-web.jpg\" \/>\n\t<meta property=\"og:image:width\" content=\"1000\" \/>\n\t<meta property=\"og:image:height\" content=\"667\" \/>\n\t<meta property=\"og:image:type\" content=\"image\/jpeg\" \/>\n<meta name=\"twitter:card\" content=\"summary_large_image\" \/>\n<meta name=\"twitter:label1\" content=\"Est. reading time\" \/>\n\t<meta name=\"twitter:data1\" content=\"3 minutes\" \/>\n<script type=\"application\/ld+json\" class=\"yoast-schema-graph\">{\"@context\":\"https:\/\/schema.org\",\"@graph\":[{\"@type\":\"WebPage\",\"@id\":\"https:\/\/mireiamuixi.com\/politica-de-privacidad\/\",\"url\":\"https:\/\/mireiamuixi.com\/politica-de-privacidad\/\",\"name\":\"Privacy Policy - Mir\u00e8ia Muix\u00ed\",\"isPartOf\":{\"@id\":\"https:\/\/mireiamuixi.com\/#website\"},\"datePublished\":\"2023-08-29T11:35:55+00:00\",\"dateModified\":\"2025-04-11T13:46:33+00:00\",\"breadcrumb\":{\"@id\":\"https:\/\/mireiamuixi.com\/politica-de-privacidad\/#breadcrumb\"},\"inLanguage\":\"en-US\",\"potentialAction\":[{\"@type\":\"ReadAction\",\"target\":[\"https:\/\/mireiamuixi.com\/politica-de-privacidad\/\"]}]},{\"@type\":\"BreadcrumbList\",\"@id\":\"https:\/\/mireiamuixi.com\/politica-de-privacidad\/#breadcrumb\",\"itemListElement\":[{\"@type\":\"ListItem\",\"position\":1,\"name\":\"Portada\",\"item\":\"https:\/\/mireiamuixi.com\/\"},{\"@type\":\"ListItem\",\"position\":2,\"name\":\"Privacy Policy\"}]},{\"@type\":\"WebSite\",\"@id\":\"https:\/\/mireiamuixi.com\/#website\",\"url\":\"https:\/\/mireiamuixi.com\/\",\"name\":\"Mir\u00e8ia Muix\u00ed\",\"description\":\"Executive Coaching and Leadership\",\"publisher\":{\"@id\":\"https:\/\/mireiamuixi.com\/#organization\"},\"potentialAction\":[{\"@type\":\"SearchAction\",\"target\":{\"@type\":\"EntryPoint\",\"urlTemplate\":\"https:\/\/mireiamuixi.com\/?s={search_term_string}\"},\"query-input\":{\"@type\":\"PropertyValueSpecification\",\"valueRequired\":true,\"valueName\":\"search_term_string\"}}],\"inLanguage\":\"en-US\"},{\"@type\":\"Organization\",\"@id\":\"https:\/\/mireiamuixi.com\/#organization\",\"name\":\"Mir\u00e8ia Muix\u00ed - Executive Coaching and Leadership\",\"url\":\"https:\/\/mireiamuixi.com\/\",\"logo\":{\"@type\":\"ImageObject\",\"inLanguage\":\"en-US\",\"@id\":\"https:\/\/mireiamuixi.com\/#\/schema\/logo\/image\/\",\"url\":\"https:\/\/mireiamuixi.com\/wp-content\/uploads\/2023\/08\/mireia-muixi-logo.png\",\"contentUrl\":\"https:\/\/mireiamuixi.com\/wp-content\/uploads\/2023\/08\/mireia-muixi-logo.png\",\"width\":1350,\"height\":221,\"caption\":\"Mir\u00e8ia Muix\u00ed - Executive Coaching and Leadership\"},\"image\":{\"@id\":\"https:\/\/mireiamuixi.com\/#\/schema\/logo\/image\/\"},\"sameAs\":[\"https:\/\/www.linkedin.com\/in\/miremmuixi\/\"]}]}<\/script>\n<!-- \/ Yoast SEO plugin. -->","yoast_head_json":{"title":"Privacy Policy - Mir\u00e8ia Muix\u00ed","robots":{"index":"noindex","follow":"nofollow"},"og_locale":"en_US","og_type":"article","og_title":"Privacy Policy - Mir\u00e8ia Muix\u00ed","og_description":"Privacy Policy Respecting what is established by current legislation, Mir\u00e8ia Muix\u00ed undertakes to adopt the necessary technical and organizational measures, according to the appropriate security level for the risk of the collected data. Laws incorporated in this privacy policy This privacy policy is adapted to the current Spanish and European regulations regarding the protection of [&hellip;]","og_url":"https:\/\/mireiamuixi.com\/politica-de-privacidad\/","og_site_name":"Mir\u00e8ia Muix\u00ed","article_modified_time":"2025-04-11T13:46:33+00:00","og_image":[{"width":1000,"height":667,"url":"https:\/\/mireiamuixi.com\/wp-content\/uploads\/2023\/08\/image00074-copia-web.jpg","type":"image\/jpeg"}],"twitter_card":"summary_large_image","twitter_misc":{"Est. reading time":"3 minutes"},"schema":{"@context":"https:\/\/schema.org","@graph":[{"@type":"WebPage","@id":"https:\/\/mireiamuixi.com\/politica-de-privacidad\/","url":"https:\/\/mireiamuixi.com\/politica-de-privacidad\/","name":"Privacy Policy - Mir\u00e8ia Muix\u00ed","isPartOf":{"@id":"https:\/\/mireiamuixi.com\/#website"},"datePublished":"2023-08-29T11:35:55+00:00","dateModified":"2025-04-11T13:46:33+00:00","breadcrumb":{"@id":"https:\/\/mireiamuixi.com\/politica-de-privacidad\/#breadcrumb"},"inLanguage":"en-US","potentialAction":[{"@type":"ReadAction","target":["https:\/\/mireiamuixi.com\/politica-de-privacidad\/"]}]},{"@type":"BreadcrumbList","@id":"https:\/\/mireiamuixi.com\/politica-de-privacidad\/#breadcrumb","itemListElement":[{"@type":"ListItem","position":1,"name":"Portada","item":"https:\/\/mireiamuixi.com\/"},{"@type":"ListItem","position":2,"name":"Privacy Policy"}]},{"@type":"WebSite","@id":"https:\/\/mireiamuixi.com\/#website","url":"https:\/\/mireiamuixi.com\/","name":"Mir\u00e8ia Muix\u00ed","description":"Executive Coaching and Leadership","publisher":{"@id":"https:\/\/mireiamuixi.com\/#organization"},"potentialAction":[{"@type":"SearchAction","target":{"@type":"EntryPoint","urlTemplate":"https:\/\/mireiamuixi.com\/?s={search_term_string}"},"query-input":{"@type":"PropertyValueSpecification","valueRequired":true,"valueName":"search_term_string"}}],"inLanguage":"en-US"},{"@type":"Organization","@id":"https:\/\/mireiamuixi.com\/#organization","name":"Mir\u00e8ia Muix\u00ed - Executive Coaching and Leadership","url":"https:\/\/mireiamuixi.com\/","logo":{"@type":"ImageObject","inLanguage":"en-US","@id":"https:\/\/mireiamuixi.com\/#\/schema\/logo\/image\/","url":"https:\/\/mireiamuixi.com\/wp-content\/uploads\/2023\/08\/mireia-muixi-logo.png","contentUrl":"https:\/\/mireiamuixi.com\/wp-content\/uploads\/2023\/08\/mireia-muixi-logo.png","width":1350,"height":221,"caption":"Mir\u00e8ia Muix\u00ed - Executive Coaching and Leadership"},"image":{"@id":"https:\/\/mireiamuixi.com\/#\/schema\/logo\/image\/"},"sameAs":["https:\/\/www.linkedin.com\/in\/miremmuixi\/"]}]}},"_links":{"self":[{"href":"https:\/\/mireiamuixi.com\/en\/wp-json\/wp\/v2\/pages\/912","targetHints":{"allow":["GET"]}}],"collection":[{"href":"https:\/\/mireiamuixi.com\/en\/wp-json\/wp\/v2\/pages"}],"about":[{"href":"https:\/\/mireiamuixi.com\/en\/wp-json\/wp\/v2\/types\/page"}],"author":[{"embeddable":true,"href":"https:\/\/mireiamuixi.com\/en\/wp-json\/wp\/v2\/users\/1"}],"replies":[{"embeddable":true,"href":"https:\/\/mireiamuixi.com\/en\/wp-json\/wp\/v2\/comments?post=912"}],"version-history":[{"count":14,"href":"https:\/\/mireiamuixi.com\/en\/wp-json\/wp\/v2\/pages\/912\/revisions"}],"predecessor-version":[{"id":1313,"href":"https:\/\/mireiamuixi.com\/en\/wp-json\/wp\/v2\/pages\/912\/revisions\/1313"}],"wp:attachment":[{"href":"https:\/\/mireiamuixi.com\/en\/wp-json\/wp\/v2\/media?parent=912"}],"curies":[{"name":"wp","href":"https:\/\/api.w.org\/{rel}","templated":true}]}}